{"id":274,"date":"2023-11-06T19:08:43","date_gmt":"2023-11-06T18:08:43","guid":{"rendered":"https:\/\/www.elcriollito.com.ar\/?page_id=274"},"modified":"2023-11-06T19:37:34","modified_gmt":"2023-11-06T18:37:34","slug":"proceso-de-elaboracion","status":"publish","type":"page","link":"https:\/\/www.elcriollito.com.ar\/?page_id=274","title":{"rendered":"Proceso de Elaboraci\u00f3n"},"content":{"rendered":"\t\t<div data-elementor-type=\"wp-page\" data-elementor-id=\"274\" class=\"elementor elementor-274\">\n\t\t\t\t\t\t\t\t\t<section class=\"elementor-section elementor-top-section elementor-element elementor-element-3a1b1392 elementor-section-boxed elementor-section-height-default elementor-section-height-default\" data-id=\"3a1b1392\" data-element_type=\"section\" data-settings=\"{&quot;background_background&quot;:&quot;classic&quot;,&quot;_ha_eqh_enable&quot;:false}\">\n\t\t\t\t\t\t\t<div class=\"elementor-background-overlay\"><\/div>\n\t\t\t\t\t\t\t<div class=\"elementor-container elementor-column-gap-no\">\n\t\t\t\t\t<div class=\"elementor-column elementor-col-100 elementor-top-column elementor-element elementor-element-526cb91b\" data-id=\"526cb91b\" data-element_type=\"column\">\n\t\t\t<div class=\"elementor-widget-wrap elementor-element-populated\">\n\t\t\t\t\t\t\t\t<div class=\"elementor-element elementor-element-41e3e369 elementor-widget elementor-widget-heading\" data-id=\"41e3e369\" data-element_type=\"widget\" data-widget_type=\"heading.default\">\n\t\t\t\t<div class=\"elementor-widget-container\">\n\t\t\t<style>\/*! elementor - v3.17.0 - 25-10-2023 *\/\n.elementor-heading-title{padding:0;margin:0;line-height:1}.elementor-widget-heading .elementor-heading-title[class*=elementor-size-]>a{color:inherit;font-size:inherit;line-height:inherit}.elementor-widget-heading .elementor-heading-title.elementor-size-small{font-size:15px}.elementor-widget-heading .elementor-heading-title.elementor-size-medium{font-size:19px}.elementor-widget-heading .elementor-heading-title.elementor-size-large{font-size:29px}.elementor-widget-heading .elementor-heading-title.elementor-size-xl{font-size:39px}.elementor-widget-heading .elementor-heading-title.elementor-size-xxl{font-size:59px}<\/style><h2 class=\"elementor-heading-title elementor-size-default\">PROCESO DE ELABORACI\u00d3N<\/h2>\t\t<\/div>\n\t\t\t\t<\/div>\n\t\t\t\t<section class=\"elementor-section elementor-inner-section elementor-element elementor-element-1f740799 elementor-section-boxed elementor-section-height-default elementor-section-height-default\" data-id=\"1f740799\" data-element_type=\"section\" data-settings=\"{&quot;_ha_eqh_enable&quot;:false}\">\n\t\t\t\t\t\t<div class=\"elementor-container elementor-column-gap-no\">\n\t\t\t\t\t<div class=\"elementor-column elementor-col-100 elementor-inner-column elementor-element elementor-element-26ca070\" data-id=\"26ca070\" data-element_type=\"column\">\n\t\t\t<div class=\"elementor-widget-wrap\">\n\t\t\t\t\t\t\t\t\t<\/div>\n\t\t<\/div>\n\t\t\t\t\t\t\t<\/div>\n\t\t<\/section>\n\t\t\t\t\t<\/div>\n\t\t<\/div>\n\t\t\t\t\t\t\t<\/div>\n\t\t<\/section>\n\t\t<div class=\"elementor-element elementor-element-4f223fc e-flex e-con-boxed e-con e-parent\" data-id=\"4f223fc\" data-element_type=\"container\" data-settings=\"{&quot;content_width&quot;:&quot;boxed&quot;}\" data-core-v316-plus=\"true\">\n\t\t\t\t\t<div class=\"e-con-inner\">\n\t\t<div class=\"elementor-element elementor-element-a2c3894 e-con-full e-flex e-con e-child\" data-id=\"a2c3894\" data-element_type=\"container\" data-settings=\"{&quot;content_width&quot;:&quot;full&quot;}\">\n\t\t\t\t<\/div>\n\t\t<div class=\"elementor-element elementor-element-7051d13 e-con-full e-flex e-con e-child\" data-id=\"7051d13\" data-element_type=\"container\" data-settings=\"{&quot;content_width&quot;:&quot;full&quot;}\">\n\t\t\t\t<\/div>\n\t\t\t\t\t<\/div>\n\t\t\t\t<\/div>\n\t\t\t\t<section class=\"elementor-section elementor-top-section elementor-element elementor-element-32a21a3b elementor-section-boxed elementor-section-height-default elementor-section-height-default\" data-id=\"32a21a3b\" data-element_type=\"section\" data-settings=\"{&quot;background_background&quot;:&quot;classic&quot;,&quot;_ha_eqh_enable&quot;:false}\">\n\t\t\t\t\t\t<div class=\"elementor-container elementor-column-gap-no\">\n\t\t\t\t\t<div class=\"elementor-column elementor-col-100 elementor-top-column elementor-element elementor-element-2e76b24\" data-id=\"2e76b24\" data-element_type=\"column\">\n\t\t\t<div class=\"elementor-widget-wrap elementor-element-populated\">\n\t\t\t\t\t\t\t\t<div class=\"elementor-element elementor-element-cf62e3e elementor-widget elementor-widget-text-editor\" data-id=\"cf62e3e\" data-element_type=\"widget\" data-widget_type=\"text-editor.default\">\n\t\t\t\t<div class=\"elementor-widget-container\">\n\t\t\t<style>\/*! elementor - v3.17.0 - 25-10-2023 *\/\n.elementor-widget-text-editor.elementor-drop-cap-view-stacked .elementor-drop-cap{background-color:#69727d;color:#fff}.elementor-widget-text-editor.elementor-drop-cap-view-framed .elementor-drop-cap{color:#69727d;border:3px solid;background-color:transparent}.elementor-widget-text-editor:not(.elementor-drop-cap-view-default) .elementor-drop-cap{margin-top:8px}.elementor-widget-text-editor:not(.elementor-drop-cap-view-default) .elementor-drop-cap-letter{width:1em;height:1em}.elementor-widget-text-editor .elementor-drop-cap{float:left;text-align:center;line-height:1;font-size:50px}.elementor-widget-text-editor .elementor-drop-cap-letter{display:inline-block}<\/style>\t\t\t\t<p>Proceso de Elaboraci\u00f3n<\/p>\t\t\t\t\t\t<\/div>\n\t\t\t\t<\/div>\n\t\t\t\t\t<\/div>\n\t\t<\/div>\n\t\t\t\t\t\t\t<\/div>\n\t\t<\/section>\n\t\t\t\t\t\t\t<\/div>\n\t\t","protected":false},"excerpt":{"rendered":"<p>PROCESO DE ELABORACI\u00d3N Proceso de Elaboraci\u00f3n<\/p>\n","protected":false},"author":1,"featured_media":0,"parent":0,"menu_order":0,"comment_status":"closed","ping_status":"closed","template":"","meta":{"_joinchat":[],"footnotes":""},"class_list":["post-274","page","type-page","status-publish","hentry","entry"],"yoast_head":"<!-- This site is optimized with the Yoast SEO plugin v21.4 - https:\/\/yoast.com\/wordpress\/plugins\/seo\/ -->\n<title>Proceso de Elaboraci\u00f3n - El Criollito<\/title>\n<meta name=\"robots\" content=\"index, follow, max-snippet:-1, max-image-preview:large, max-video-preview:-1\" \/>\n<link rel=\"canonical\" href=\"https:\/\/www.elcriollito.com.ar\/?page_id=274\" \/>\n<meta property=\"og:locale\" content=\"es_ES\" \/>\n<meta property=\"og:type\" content=\"article\" \/>\n<meta property=\"og:title\" content=\"Proceso de Elaboraci\u00f3n - El Criollito\" \/>\n<meta property=\"og:description\" content=\"PROCESO DE ELABORACI\u00d3N Proceso de Elaboraci\u00f3n\" \/>\n<meta property=\"og:url\" content=\"https:\/\/www.elcriollito.com.ar\/?page_id=274\" \/>\n<meta property=\"og:site_name\" content=\"El Criollito\" \/>\n<meta property=\"article:modified_time\" content=\"2023-11-06T18:37:34+00:00\" \/>\n<meta name=\"twitter:card\" content=\"summary_large_image\" \/>\n<meta name=\"twitter:label1\" content=\"Tiempo de lectura\" \/>\n\t<meta name=\"twitter:data1\" content=\"1 minuto\" \/>\n<script type=\"application\/ld+json\" class=\"yoast-schema-graph\">{\"@context\":\"https:\/\/schema.org\",\"@graph\":[{\"@type\":\"WebPage\",\"@id\":\"https:\/\/www.elcriollito.com.ar\/?page_id=274\",\"url\":\"https:\/\/www.elcriollito.com.ar\/?page_id=274\",\"name\":\"Proceso de Elaboraci\u00f3n - El Criollito\",\"isPartOf\":{\"@id\":\"https:\/\/www.elcriollito.com.ar\/#website\"},\"datePublished\":\"2023-11-06T18:08:43+00:00\",\"dateModified\":\"2023-11-06T18:37:34+00:00\",\"breadcrumb\":{\"@id\":\"https:\/\/www.elcriollito.com.ar\/?page_id=274#breadcrumb\"},\"inLanguage\":\"es\",\"potentialAction\":[{\"@type\":\"ReadAction\",\"target\":[\"https:\/\/www.elcriollito.com.ar\/?page_id=274\"]}]},{\"@type\":\"BreadcrumbList\",\"@id\":\"https:\/\/www.elcriollito.com.ar\/?page_id=274#breadcrumb\",\"itemListElement\":[{\"@type\":\"ListItem\",\"position\":1,\"name\":\"Portada\",\"item\":\"https:\/\/www.elcriollito.com.ar\/\"},{\"@type\":\"ListItem\",\"position\":2,\"name\":\"Proceso de Elaboraci\u00f3n\"}]},{\"@type\":\"WebSite\",\"@id\":\"https:\/\/www.elcriollito.com.ar\/#website\",\"url\":\"https:\/\/www.elcriollito.com.ar\/\",\"name\":\"El Criollito\",\"description\":\"Agua Pura por Naturaleza\",\"publisher\":{\"@id\":\"https:\/\/www.elcriollito.com.ar\/#organization\"},\"potentialAction\":[{\"@type\":\"SearchAction\",\"target\":{\"@type\":\"EntryPoint\",\"urlTemplate\":\"https:\/\/www.elcriollito.com.ar\/?s={search_term_string}\"},\"query-input\":\"required name=search_term_string\"}],\"inLanguage\":\"es\"},{\"@type\":\"Organization\",\"@id\":\"https:\/\/www.elcriollito.com.ar\/#organization\",\"name\":\"El Criollito\",\"url\":\"https:\/\/www.elcriollito.com.ar\/\",\"logo\":{\"@type\":\"ImageObject\",\"inLanguage\":\"es\",\"@id\":\"https:\/\/www.elcriollito.com.ar\/#\/schema\/logo\/image\/\",\"url\":\"https:\/\/www.elcriollito.com.ar\/wp-content\/uploads\/2023\/11\/cropped-cropped-header1-2.png\",\"contentUrl\":\"https:\/\/www.elcriollito.com.ar\/wp-content\/uploads\/2023\/11\/cropped-cropped-header1-2.png\",\"width\":478,\"height\":173,\"caption\":\"El Criollito\"},\"image\":{\"@id\":\"https:\/\/www.elcriollito.com.ar\/#\/schema\/logo\/image\/\"}}]}<\/script>\n<!-- \/ Yoast SEO plugin. -->","yoast_head_json":{"title":"Proceso de Elaboraci\u00f3n - El Criollito","robots":{"index":"index","follow":"follow","max-snippet":"max-snippet:-1","max-image-preview":"max-image-preview:large","max-video-preview":"max-video-preview:-1"},"canonical":"https:\/\/www.elcriollito.com.ar\/?page_id=274","og_locale":"es_ES","og_type":"article","og_title":"Proceso de Elaboraci\u00f3n - El Criollito","og_description":"PROCESO DE ELABORACI\u00d3N Proceso de Elaboraci\u00f3n","og_url":"https:\/\/www.elcriollito.com.ar\/?page_id=274","og_site_name":"El Criollito","article_modified_time":"2023-11-06T18:37:34+00:00","twitter_card":"summary_large_image","twitter_misc":{"Tiempo de lectura":"1 minuto"},"schema":{"@context":"https:\/\/schema.org","@graph":[{"@type":"WebPage","@id":"https:\/\/www.elcriollito.com.ar\/?page_id=274","url":"https:\/\/www.elcriollito.com.ar\/?page_id=274","name":"Proceso de Elaboraci\u00f3n - El Criollito","isPartOf":{"@id":"https:\/\/www.elcriollito.com.ar\/#website"},"datePublished":"2023-11-06T18:08:43+00:00","dateModified":"2023-11-06T18:37:34+00:00","breadcrumb":{"@id":"https:\/\/www.elcriollito.com.ar\/?page_id=274#breadcrumb"},"inLanguage":"es","potentialAction":[{"@type":"ReadAction","target":["https:\/\/www.elcriollito.com.ar\/?page_id=274"]}]},{"@type":"BreadcrumbList","@id":"https:\/\/www.elcriollito.com.ar\/?page_id=274#breadcrumb","itemListElement":[{"@type":"ListItem","position":1,"name":"Portada","item":"https:\/\/www.elcriollito.com.ar\/"},{"@type":"ListItem","position":2,"name":"Proceso de Elaboraci\u00f3n"}]},{"@type":"WebSite","@id":"https:\/\/www.elcriollito.com.ar\/#website","url":"https:\/\/www.elcriollito.com.ar\/","name":"El Criollito","description":"Agua Pura por Naturaleza","publisher":{"@id":"https:\/\/www.elcriollito.com.ar\/#organization"},"potentialAction":[{"@type":"SearchAction","target":{"@type":"EntryPoint","urlTemplate":"https:\/\/www.elcriollito.com.ar\/?s={search_term_string}"},"query-input":"required name=search_term_string"}],"inLanguage":"es"},{"@type":"Organization","@id":"https:\/\/www.elcriollito.com.ar\/#organization","name":"El Criollito","url":"https:\/\/www.elcriollito.com.ar\/","logo":{"@type":"ImageObject","inLanguage":"es","@id":"https:\/\/www.elcriollito.com.ar\/#\/schema\/logo\/image\/","url":"https:\/\/www.elcriollito.com.ar\/wp-content\/uploads\/2023\/11\/cropped-cropped-header1-2.png","contentUrl":"https:\/\/www.elcriollito.com.ar\/wp-content\/uploads\/2023\/11\/cropped-cropped-header1-2.png","width":478,"height":173,"caption":"El Criollito"},"image":{"@id":"https:\/\/www.elcriollito.com.ar\/#\/schema\/logo\/image\/"}}]}},"_links":{"self":[{"href":"https:\/\/www.elcriollito.com.ar\/index.php?rest_route=\/wp\/v2\/pages\/274","targetHints":{"allow":["GET"]}}],"collection":[{"href":"https:\/\/www.elcriollito.com.ar\/index.php?rest_route=\/wp\/v2\/pages"}],"about":[{"href":"https:\/\/www.elcriollito.com.ar\/index.php?rest_route=\/wp\/v2\/types\/page"}],"author":[{"embeddable":true,"href":"https:\/\/www.elcriollito.com.ar\/index.php?rest_route=\/wp\/v2\/users\/1"}],"replies":[{"embeddable":true,"href":"https:\/\/www.elcriollito.com.ar\/index.php?rest_route=%2Fwp%2Fv2%2Fcomments&post=274"}],"version-history":[{"count":4,"href":"https:\/\/www.elcriollito.com.ar\/index.php?rest_route=\/wp\/v2\/pages\/274\/revisions"}],"predecessor-version":[{"id":292,"href":"https:\/\/www.elcriollito.com.ar\/index.php?rest_route=\/wp\/v2\/pages\/274\/revisions\/292"}],"wp:attachment":[{"href":"https:\/\/www.elcriollito.com.ar\/index.php?rest_route=%2Fwp%2Fv2%2Fmedia&parent=274"}],"curies":[{"name":"wp","href":"https:\/\/api.w.org\/{rel}","templated":true}]}}